{"id":8,"date":"2007-12-08T21:05:16","date_gmt":"2007-12-08T19:05:16","guid":{"rendered":"http:\/\/fabi.was-das.de\/wordpress\/impressum\/"},"modified":"2011-01-04T22:10:09","modified_gmt":"2011-01-04T20:10:09","slug":"impressum","status":"publish","type":"page","link":"https:\/\/fabi.me\/en\/impressum\/","title":{"rendered":"Impressum"},"content":{"rendered":"<p>Verantwortlich f\u00fcr die Inhalte von fabi.me:<\/p>\n<p>Fabian Schlieper<\/p>\n<p>Erlenweg 11<\/p>\n<p>40699 Erkrath<\/p>\n<p>E-Mail<\/p>\n<p>f a b i a n :[\u00e4&#8217;t&#8217;]: f a b i :[p&#8217;u&#8217;n&#8217;k&#8217;t&#8217;]: m e<\/p>\n<p>ICQ: 2&#8217;1&#8217;4 5&#8217;0&#8217;8-7&#8217;8&#8217;9<\/p>\n<p>F\u00fcr den Inhalt verlinkter Seiten sind deren Betreiber verantwortlich <a class=\"bafe\" href=\"http:\/\/www.almik.com\/nautica\/%ed%8c%8c%ec%8a%a4%ed%8f%ac%ed%88%ac%ed%8a%b8-%eb%8b%a4%ec%9a%b4%eb%a1%9c%eb%93%9c\/\">Download Pasfort<\/a>. Trotz sorgf\u00e4ltiger inhaltlicher Kontrolle \u00fcbernehme ich keine Haftung f\u00fcr die Inhalte externer Links.<\/p>\n<p>F\u00fcr die Nutzung aller angebotenen Inhalte, sowie Tools und Downloads, kann im Falle eins Schadens an Hard- und Software sowie Datenverlust keine Haftung \u00fcbernommen werden <a class=\"bafe\" href=\"http:\/\/www.rapidexec.com\/%eb%ac%b4%eb%a3%8c%eb%a1%9c-%ec%9d%8c%ec%95%85%ec%9d%84-%eb%8b%a4%ec%9a%b4%eb%a1%9c%eb%93%9c\/\">\ubb34\ub8cc\ub85c \uc74c\uc545\uc744<\/a>. Obwohl alle Dateien auf sch\u00e4dliche Software gepr\u00fcft wurden und meines Wissens keine Viren, Trojaner und sonstige b\u00f6sartige Software enthalten, ist die Nutzung auf eigene Gefahr <a class=\"bafe\" href=\"http:\/\/www.kohsamuiproperty.co\/%ed%95%9c%ea%b8%80-windows-7-iso-%eb%8b%a4%ec%9a%b4%eb%a1%9c%eb%93%9c\/\">Hangul windows 7 iso<\/a>.<\/p>\n<p>Es gibt keine Garantie f\u00fcr die Funktiontstionalit\u00e4t der Programme und Skripte, bei Fehlern und Problemen k\u00f6nnen Sie mich jedoch gerne Anschreiben <a class=\"bafe\" href=\"https:\/\/incrediblefood.com.au\/guitar-pro-7-%eb%8b%a4%ec%9a%b4%eb%a1%9c%eb%93%9c\/\">download guitar pro 7<\/a>.<\/p>\n<p>Alle Inhalte dieser Webseite, sowie Programme, Skripte und andere Dateien, die von Fabian Schlieper erstellt wurden, unterliegen dem Copyright von Fabian Schlieper und d\u00fcrfen nicht ohne Erlaubnis kopiert, verkauft oder kommerziell benutzt werden, sofern es die Lizenz des entsprachenden Werkes verbietet <a class=\"bafe\" href=\"https:\/\/handsofpeace.org\/%eb%a1%a4%eb%a6%ac%ed%8c%9d-5-0-%eb%8b%a4%ec%9a%b4%eb%a1%9c%eb%93%9c\/\">Lollipop 5.0<\/a>.<\/p>\n","protected":false},"excerpt":{"rendered":"<p>Verantwortlich f\u00fcr die Inhalte von fabi.me: Fabian Schlieper Erlenweg 11 40699 Erkrath E-Mail f a b i a n :[\u00e4&#8217;t&#8217;]: f a b i :[p&#8217;u&#8217;n&#8217;k&#8217;t&#8217;]: m e ICQ: 2&#8217;1&#8217;4 5&#8217;0&#8217;8-7&#8217;8&#8217;9 F\u00fcr den Inhalt verlinkter Seiten sind deren Betreiber verantwortlich Download Pasfort. Trotz sorgf\u00e4ltiger inhaltlicher Kontrolle \u00fcbernehme ich keine Haftung f\u00fcr die Inhalte externer Links. F\u00fcr [&hellip;]<\/p>\n","protected":false},"author":1,"featured_media":0,"parent":0,"menu_order":10,"comment_status":"closed","ping_status":"closed","template":"","meta":[],"_links":{"self":[{"href":"https:\/\/fabi.me\/en\/wp-json\/wp\/v2\/pages\/8"}],"collection":[{"href":"https:\/\/fabi.me\/en\/wp-json\/wp\/v2\/pages"}],"about":[{"href":"https:\/\/fabi.me\/en\/wp-json\/wp\/v2\/types\/page"}],"author":[{"embeddable":true,"href":"https:\/\/fabi.me\/en\/wp-json\/wp\/v2\/users\/1"}],"replies":[{"embeddable":true,"href":"https:\/\/fabi.me\/en\/wp-json\/wp\/v2\/comments?post=8"}],"version-history":[{"count":15,"href":"https:\/\/fabi.me\/en\/wp-json\/wp\/v2\/pages\/8\/revisions"}],"predecessor-version":[{"id":602,"href":"https:\/\/fabi.me\/en\/wp-json\/wp\/v2\/pages\/8\/revisions\/602"}],"wp:attachment":[{"href":"https:\/\/fabi.me\/en\/wp-json\/wp\/v2\/media?parent=8"}],"curies":[{"name":"wp","href":"https:\/\/api.w.org\/{rel}","templated":true}]}}